{"id":1877,"date":"2022-09-02T15:33:28","date_gmt":"2022-09-02T13:33:28","guid":{"rendered":"http:\/\/atmayoga05.fr\/?page_id=1877"},"modified":"2022-09-02T15:42:04","modified_gmt":"2022-09-02T13:42:04","slug":"l-origine","status":"publish","type":"page","link":"https:\/\/atmayoga05.fr\/index.php\/l-origine\/","title":{"rendered":"L&rsquo; origine"},"content":{"rendered":"\n<p>Le Kundalini Yoga est un yoga traditionnel venu d\u2019Inde, transmis depuis des mill\u00e9naires de ma\u00eetre \u00e0 disciple, dans un cercle tr\u00e8s r\u00e9duit de pratiquants.<\/p>\n\n\n\n<p>Il a \u00e9t\u00e9 introduit en Occident en 1969, par Yogi Bhajan, qui avait la volont\u00e9 d\u2019instruire le Kundalini yoga au plus grand nombre, dans le but d\u2019en faire des enseignants. Il voyait dans cet outil exceptionnel d\u2019\u00e9l\u00e9vation et de purification, une aide pr\u00e9cieuse pour les temps changeants \u00e0 venir.<\/p>\n","protected":false},"excerpt":{"rendered":"<p>Le Kundalini Yoga est un yoga traditionnel venu d\u2019Inde, transmis depuis des mill\u00e9naires de ma\u00eetre \u00e0 disciple, dans un cercle tr\u00e8s r\u00e9duit de pratiquants. Il &hellip; <\/p>\n","protected":false},"author":1,"featured_media":0,"parent":0,"menu_order":0,"comment_status":"closed","ping_status":"closed","template":"","meta":{"_monsterinsights_skip_tracking":false,"_monsterinsights_sitenote_active":false,"_monsterinsights_sitenote_note":"","_monsterinsights_sitenote_category":0,"footnotes":""},"class_list":["post-1877","page","type-page","status-publish","hentry","latest_post"],"_links":{"self":[{"href":"https:\/\/atmayoga05.fr\/index.php\/wp-json\/wp\/v2\/pages\/1877","targetHints":{"allow":["GET"]}}],"collection":[{"href":"https:\/\/atmayoga05.fr\/index.php\/wp-json\/wp\/v2\/pages"}],"about":[{"href":"https:\/\/atmayoga05.fr\/index.php\/wp-json\/wp\/v2\/types\/page"}],"author":[{"embeddable":true,"href":"https:\/\/atmayoga05.fr\/index.php\/wp-json\/wp\/v2\/users\/1"}],"replies":[{"embeddable":true,"href":"https:\/\/atmayoga05.fr\/index.php\/wp-json\/wp\/v2\/comments?post=1877"}],"version-history":[{"count":2,"href":"https:\/\/atmayoga05.fr\/index.php\/wp-json\/wp\/v2\/pages\/1877\/revisions"}],"predecessor-version":[{"id":1922,"href":"https:\/\/atmayoga05.fr\/index.php\/wp-json\/wp\/v2\/pages\/1877\/revisions\/1922"}],"wp:attachment":[{"href":"https:\/\/atmayoga05.fr\/index.php\/wp-json\/wp\/v2\/media?parent=1877"}],"curies":[{"name":"wp","href":"https:\/\/api.w.org\/{rel}","templated":true}]}}