{"id":1863,"date":"2022-09-02T15:18:02","date_gmt":"2022-09-02T13:18:02","guid":{"rendered":"http:\/\/atmayoga05.fr\/?page_id=1863"},"modified":"2023-08-08T09:52:10","modified_gmt":"2023-08-08T07:52:10","slug":"l-association","status":"publish","type":"page","link":"https:\/\/atmayoga05.fr\/index.php\/creez-votre-site-avec-des-blocs\/l-association\/","title":{"rendered":"<center>L&rsquo; Association Atma Yoga 05"},"content":{"rendered":"\n<p>L&rsquo;association Atma Yoga 05 a \u00e9t\u00e9 cr\u00e9e durant l&rsquo;\u00e9t\u00e9 2021 \u00e0 Embrun, pour :<\/p>\n\n\n\n<p>-Promouvoir et enseigner la pratique de Kundalini Yoga (selon les enseignements de Yogi Bhajan) et de la rendre accessible \u00e0 tous les publics, dont notamment les enfants, les personnes \u00e2g\u00e9es, les femmes enceintes, les personnes souffrant d&rsquo;exclusion, et aussi dans le milieu de l&rsquo;entreprise.<\/p>\n\n\n\n<p>-Former des enseignants de Kundalini Yoga et autres pratiques de Kundalini Yoga.<\/p>\n\n\n\n<p>-Organiser des stages ou des soir\u00e9es en lien avec la pratique du Kundalini Yoga.<\/p>\n\n\n\n<p><\/p>\n\n\n\n<p>Sa gouvernance est coll\u00e9giale : Val\u00e9rie Bayol (Joti Devta Kaur) et Nathalie Guichon (Nam Jasprem Kaur) sont membres du comit\u00e9 directeur.<\/p>\n\n\n\n<p>Les adh\u00e9rent(e)s \u00e0 jour de leur cotisation sont membres de l&rsquo;association et peuvent assister aux assembl\u00e9es g\u00e9n\u00e9rales.<\/p>\n\n\n\n<p>L&rsquo;association est adh\u00e9rente \u00e0 la FFKY (F\u00e9d\u00e9ration Fran\u00e7aise de Kundalini Yoga) <a href=\"https:\/\/ffky.fr\/\" data-type=\"URL\" data-id=\"https:\/\/ffky.fr\/\" target=\"_blank\" rel=\"noreferrer noopener\">https:\/\/ffky.fr\/<\/a><\/p>\n","protected":false},"excerpt":{"rendered":"<p>L&rsquo;association Atma Yoga 05 a \u00e9t\u00e9 cr\u00e9e durant l&rsquo;\u00e9t\u00e9 2021 \u00e0 Embrun, pour : -Promouvoir et enseigner la pratique de Kundalini Yoga (selon les enseignements &hellip; <\/p>\n","protected":false},"author":1,"featured_media":0,"parent":18,"menu_order":1,"comment_status":"closed","ping_status":"closed","template":"","meta":{"_monsterinsights_skip_tracking":false,"_monsterinsights_sitenote_active":false,"_monsterinsights_sitenote_note":"","_monsterinsights_sitenote_category":0,"footnotes":""},"class_list":["post-1863","page","type-page","status-publish","hentry","latest_post"],"_links":{"self":[{"href":"https:\/\/atmayoga05.fr\/index.php\/wp-json\/wp\/v2\/pages\/1863","targetHints":{"allow":["GET"]}}],"collection":[{"href":"https:\/\/atmayoga05.fr\/index.php\/wp-json\/wp\/v2\/pages"}],"about":[{"href":"https:\/\/atmayoga05.fr\/index.php\/wp-json\/wp\/v2\/types\/page"}],"author":[{"embeddable":true,"href":"https:\/\/atmayoga05.fr\/index.php\/wp-json\/wp\/v2\/users\/1"}],"replies":[{"embeddable":true,"href":"https:\/\/atmayoga05.fr\/index.php\/wp-json\/wp\/v2\/comments?post=1863"}],"version-history":[{"count":8,"href":"https:\/\/atmayoga05.fr\/index.php\/wp-json\/wp\/v2\/pages\/1863\/revisions"}],"predecessor-version":[{"id":2053,"href":"https:\/\/atmayoga05.fr\/index.php\/wp-json\/wp\/v2\/pages\/1863\/revisions\/2053"}],"up":[{"embeddable":true,"href":"https:\/\/atmayoga05.fr\/index.php\/wp-json\/wp\/v2\/pages\/18"}],"wp:attachment":[{"href":"https:\/\/atmayoga05.fr\/index.php\/wp-json\/wp\/v2\/media?parent=1863"}],"curies":[{"name":"wp","href":"https:\/\/api.w.org\/{rel}","templated":true}]}}